	{"id":91,"date":"2012-01-13T14:22:41","date_gmt":"2012-01-13T14:22:41","guid":{"rendered":"http:\/\/test.lipavsky.com\/ts\/?page_id=91"},"modified":"2017-07-18T11:48:04","modified_gmt":"2017-07-18T11:48:04","slug":"domu","status":"publish","type":"page","link":"https:\/\/www.total-solutions.cz\/","title":{"rendered":"Dom\u016f"},"content":{"rendered":"<h2><span style=\"color: #000000;\"><strong><span style=\"font-size: 16px;\">Softwarov\u00e9 \u0159e\u0161en\u00ed pro kapit\u00e1lov\u00e9 a finan\u010dn\u00ed trhy<\/span><\/strong><\/span><\/h2>\n<p>Na\u0161e \u0159e\u0161en\u00ed pokr\u00fdvaj\u00ed obchodov\u00e1n\u00ed na burze a vypo\u0159\u00e1d\u00e1n\u00ed,\u00a0veden\u00ed klientsk\u00fdch portfoli\u00ed, v\u00fdpo\u010dty rizik pro risk management, v\u00fdkaznictv\u00ed a reporting.<\/p>\n<p>Chcete-li se dozv\u011bd\u011bt v\u00edce o na\u0161ich \u0159e\u0161en\u00edch, nev\u00e1hejte n\u00e1s <a title=\"Kontakty\" href=\"\/?page_id=47\">kontaktovat<\/a>.<\/p>\n<h3>Oblasti, kter\u00e9 pokr\u00fdv\u00e1me<\/h3>\n<table class=\"hp-sample\" width=\"630\" border=\"5\" cellspacing=\"5\" cellpadding=\"5\">\n<colgroup>\n<col width=\"155\" \/>\n<col width=\"155\" \/>\n<col width=\"155\" \/>\n<col width=\"155\" \/><\/colgroup>\n<tbody>\n<tr style=\"height: 100px;\">\n<td style=\"cursor: pointer;\" onclick=\"document.location.href='?page_id=19';\" align=\"middle\">\n<h3>Investi\u010dn\u00ed bankovnictv\u00ed<\/h3>\n<\/td>\n<td style=\"cursor: pointer;\" onclick=\"document.location.href='?page_id=22';\" align=\"middle\">\n<h3>Risk management<\/h3>\n<\/td>\n<td style=\"cursor: pointer;\" onclick=\"document.location.href='?page_id=24';\" align=\"middle\">\n<h3>Reporting a\u00a0v\u00fdkaznictv\u00ed<\/h3>\n<\/td>\n<td style=\"cursor: pointer;\" onclick=\"document.location.href='?page_id=129';\" align=\"middle\">\n<h3>Priv\u00e1tn\u00ed bankovnictv\u00ed<\/h3>\n<\/td>\n<\/tr>\n<\/tbody>\n<\/table>\n","protected":false},"excerpt":{"rendered":"<p>Softwarov\u00e9 \u0159e\u0161en\u00ed pro kapit\u00e1lov\u00e9 a finan\u010dn\u00ed trhy Na\u0161e \u0159e\u0161en\u00ed pokr\u00fdvaj\u00ed obchodov\u00e1n\u00ed na burze a vypo\u0159\u00e1d\u00e1n\u00ed,\u00a0veden\u00ed klientsk\u00fdch portfoli\u00ed, v\u00fdpo\u010dty rizik pro risk management, v\u00fdkaznictv\u00ed a reporting. Chcete-li se dozv\u011bd\u011bt v\u00edce o na\u0161ich \u0159e\u0161en\u00edch, nev\u00e1hejte n\u00e1s kontaktovat. Oblasti, kter\u00e9 pokr\u00fdv\u00e1me Investi\u010dn\u00ed bankovnictv\u00ed Risk management Reporting a\u00a0v\u00fdkaznictv\u00ed Priv\u00e1tn\u00ed bankovnictv\u00ed<\/p>\n","protected":false},"author":1,"featured_media":0,"parent":0,"menu_order":0,"comment_status":"open","ping_status":"open","template":"page_homepage.php","meta":[],"_links":{"self":[{"href":"https:\/\/www.total-solutions.cz\/index.php?rest_route=\/wp\/v2\/pages\/91"}],"collection":[{"href":"https:\/\/www.total-solutions.cz\/index.php?rest_route=\/wp\/v2\/pages"}],"about":[{"href":"https:\/\/www.total-solutions.cz\/index.php?rest_route=\/wp\/v2\/types\/page"}],"author":[{"embeddable":true,"href":"https:\/\/www.total-solutions.cz\/index.php?rest_route=\/wp\/v2\/users\/1"}],"replies":[{"embeddable":true,"href":"https:\/\/www.total-solutions.cz\/index.php?rest_route=%2Fwp%2Fv2%2Fcomments&post=91"}],"version-history":[{"count":89,"href":"https:\/\/www.total-solutions.cz\/index.php?rest_route=\/wp\/v2\/pages\/91\/revisions"}],"predecessor-version":[{"id":784,"href":"https:\/\/www.total-solutions.cz\/index.php?rest_route=\/wp\/v2\/pages\/91\/revisions\/784"}],"wp:attachment":[{"href":"https:\/\/www.total-solutions.cz\/index.php?rest_route=%2Fwp%2Fv2%2Fmedia&parent=91"}],"curies":[{"name":"wp","href":"https:\/\/api.w.org\/{rel}","templated":true}]}}