	{"id":545,"date":"2015-12-09T13:47:40","date_gmt":"2015-12-09T13:47:40","guid":{"rendered":"http:\/\/www.total-solutions.cz\/?page_id=545"},"modified":"2017-05-30T10:56:14","modified_gmt":"2017-05-30T10:56:14","slug":"analytik-financnich-it-systemu","status":"publish","type":"page","link":"https:\/\/www.total-solutions.cz\/?page_id=545","title":{"rendered":"ANALYTIK FINAN\u010cN\u00cdCH IT SYST\u00c9M\u016e"},"content":{"rendered":"<p>Spole\u010dnost Total Solutions, s. r. o., kter\u00e1 se zam\u011b\u0159uje na v\u00fdvoj specializovan\u00fdch softwarov\u00fdch syst\u00e9m\u016f pro kapit\u00e1lov\u00e9 a finan\u010dn\u00ed trhy, hled\u00e1 pro nov\u011b p\u0159ipravovan\u00fd produkt vhodn\u00e9ho kandid\u00e1ta na pozici\u00a0<strong>Analytik finan\u010dn\u00edch IT syst\u00e9m\u016f<\/strong>. N\u00e1stup mo\u017en\u00fd ihned. Pozice je vhodn\u00e1 pro studenty vy\u0161\u0161\u00edch ro\u010dn\u00edk\u016f V\u0160 se zam\u011b\u0159en\u00edm na bankovnictv\u00ed a finan\u010dn\u00ed trh.<\/p>\n<p><strong>POPIS PR\u00c1CE<\/strong><\/p>\n<ul>\n<li>N\u00e1vrh a anal\u00fdza finan\u010dn\u00edch IT syst\u00e9m\u016f<\/li>\n<li>Komunikace s klienty (banky, spo\u0159iteln\u00ed z\u00e1lo\u017eny, poji\u0161\u0165ovny, obchodn\u00edci s CP, FX obchodn\u00edci)<\/li>\n<li>Komunikace s \u010dleny program\u00e1torsk\u00e9ho t\u00fdmu \u2013 senior v\u00fdvoj\u00e1\u0159, projektov\u00fd manager<\/li>\n<\/ul>\n<p><strong>PO\u017dADUJEME<\/strong><\/p>\n<ul>\n<li>Absolvent, nebo student magistersk\u00e9ho ro\u010dn\u00edku ekonomick\u00e9ho oboru, ide\u00e1ln\u011b se zam\u011b\u0159en\u00edm na bankovnictv\u00ed a finan\u010dn\u00ed trh. (FFU V\u0160E apod.)<\/li>\n<li>Ochotu pod\u00edlet se na tvorb\u011b informa\u010dn\u00edch syst\u00e9mu a u\u010dit se technologie spojen\u00e9 s programov\u00e1n\u00edm (p\u0159edev\u0161\u00edm SQL).<\/li>\n<li>Angli\u010dtina &#8211; veden\u00ed jedn\u00e1n\u00ed, tvorba dokument\u016f<\/li>\n<\/ul>\n<p><strong>NAB\u00cdZ\u00cdME<\/strong><\/p>\n<ul>\n<li>Z\u00e1zem\u00ed stabiln\u00ed spole\u010dnosti<\/li>\n<li>Volnou pracovn\u00ed dobu dle mo\u017enost\u00ed uchaze\u010de \u2013 Pozice je vhodn\u00e1 pro studenta V\u0160<\/li>\n<li>N\u00e1stup mo\u017en\u00fd ihned<\/li>\n<li>Pr\u00e1ce v centru Prahy<\/li>\n<li>Pr\u00e1ce pro zaj\u00edmav\u00e9 klienty z oblasti finan\u010dn\u00edch trh\u016f (<a title=\"Reference\" href=\"http:\/\/www.total-solutions.cz\/?page_id=38\">v\u00edce zde<\/a>)<\/li>\n<\/ul>\n<p>V p\u0159\u00edpad\u011b z\u00e1jmu za\u0161lete pros\u00edm Va\u0161e\u00a0<strong>CV a<\/strong>\u00a0<strong>stru\u010dn\u00fd popis projekt\u016f<\/strong>, na kter\u00fdch jste se pod\u00edleli na emailovou adresu\u00a0<strong>info<\/strong>[zavin\u00e1\u010d]<strong>total-solutions.cz<\/strong>, do p\u0159edm\u011btu uve\u010fte \u201e<strong>Analytik finan\u010dn\u00edch IT syst\u00e9m\u016f<\/strong>\u201c a my se s V\u00e1mi spoj\u00edme.<\/p>\n<p>Odesl\u00e1n\u00edm sv\u00fdch \u00fadaj\u016f z\u00e1rove\u0148 souhlas\u00edte s\u00a0t\u00edm, aby spole\u010dnost Total Solutions s.r.o., s\u00eddlem Ke St\u00edrce 1875\/7, Praha 8, 182 00, zpracov\u00e1vala va\u0161e osobn\u00ed \u00fadaje uveden\u00e9 v \u017eivotopise uchaze\u010de o zam\u011bstn\u00e1n\u00ed v souladu se z\u00e1konem \u010d. 101\/2000 Sb. \u201eO ochran\u011b osobn\u00edch \u00fadaj\u016f\u201c ve zn\u011bn\u00ed pozd\u011bj\u0161\u00edch p\u0159edpis\u016f, a to a\u017e do odvol\u00e1n\u00ed p\u00edsemnou formou.<\/p>\n","protected":false},"excerpt":{"rendered":"<p>Spole\u010dnost Total Solutions, s. r. o., kter\u00e1 se zam\u011b\u0159uje na v\u00fdvoj specializovan\u00fdch softwarov\u00fdch syst\u00e9m\u016f pro kapit\u00e1lov\u00e9 a finan\u010dn\u00ed trhy, hled\u00e1 pro nov\u011b p\u0159ipravovan\u00fd produkt vhodn\u00e9ho kandid\u00e1ta na pozici\u00a0Analytik finan\u010dn\u00edch IT syst\u00e9m\u016f. N\u00e1stup mo\u017en\u00fd ihned. Pozice je vhodn\u00e1 pro studenty vy\u0161\u0161\u00edch ro\u010dn\u00edk\u016f V\u0160 se zam\u011b\u0159en\u00edm na bankovnictv\u00ed a finan\u010dn\u00ed trh. POPIS PR\u00c1CE N\u00e1vrh a anal\u00fdza finan\u010dn\u00edch [&hellip;]<\/p>\n","protected":false},"author":1,"featured_media":0,"parent":0,"menu_order":0,"comment_status":"open","ping_status":"open","template":"","meta":[],"_links":{"self":[{"href":"https:\/\/www.total-solutions.cz\/index.php?rest_route=\/wp\/v2\/pages\/545"}],"collection":[{"href":"https:\/\/www.total-solutions.cz\/index.php?rest_route=\/wp\/v2\/pages"}],"about":[{"href":"https:\/\/www.total-solutions.cz\/index.php?rest_route=\/wp\/v2\/types\/page"}],"author":[{"embeddable":true,"href":"https:\/\/www.total-solutions.cz\/index.php?rest_route=\/wp\/v2\/users\/1"}],"replies":[{"embeddable":true,"href":"https:\/\/www.total-solutions.cz\/index.php?rest_route=%2Fwp%2Fv2%2Fcomments&post=545"}],"version-history":[{"count":10,"href":"https:\/\/www.total-solutions.cz\/index.php?rest_route=\/wp\/v2\/pages\/545\/revisions"}],"predecessor-version":[{"id":778,"href":"https:\/\/www.total-solutions.cz\/index.php?rest_route=\/wp\/v2\/pages\/545\/revisions\/778"}],"wp:attachment":[{"href":"https:\/\/www.total-solutions.cz\/index.php?rest_route=%2Fwp%2Fv2%2Fmedia&parent=545"}],"curies":[{"name":"wp","href":"https:\/\/api.w.org\/{rel}","templated":true}]}}