	{"id":42,"date":"2011-12-12T13:53:57","date_gmt":"2011-12-12T13:53:57","guid":{"rendered":"http:\/\/test.lipavsky.com\/ts\/?page_id=42"},"modified":"2012-01-24T10:07:54","modified_gmt":"2012-01-24T10:07:54","slug":"o-nas","status":"publish","type":"page","link":"https:\/\/www.total-solutions.cz\/?page_id=42","title":{"rendered":"O n\u00e1s"},"content":{"rendered":"<p><strong>O spole\u010dnosti Totals Solutions s.r.o.<\/strong><br \/>\nSpole\u010dnost Total Solutions s.r.o. se stala od sv\u00e9ho zalo\u017een\u00ed v roce 1996 jednou z nejuzn\u00e1van\u011bj\u0161\u00edch firem na \u010desk\u00e9m trhu se specializovan\u00fdmi softwarov\u00fdmi syst\u00e9my pro kapit\u00e1lov\u00e9 a finan\u010dn\u00ed trhy. Na\u0161ich slu\u017eeb vyu\u017e\u00edv\u00e1 cel\u00e1 \u0159ada v\u00fdznamn\u00fdch spole\u010dnost\u00ed. Na\u0161im klient\u016fm nenab\u00edz\u00edme pouze technologick\u00e1 \u0159e\u0161en\u00ed, ale tak\u00e9 technologick\u00e9 poradenstv\u00ed a nep\u0159etr\u017eitou aktivn\u00ed podporu. \u00dazk\u00e1 spolupr\u00e1ce s na\u0161imi klienty n\u00e1m p\u0159in\u00e1\u0161\u00ed p\u0159\u00edstup k aktu\u00e1ln\u00edm informac\u00edm a umo\u017e\u0148uje n\u00e1m tak pohotov\u011b reagovat na pot\u0159eby na\u0161ich klient\u016f. Na\u0161i zam\u011bstnanci se \u0159ad\u00ed mezi \u0161pi\u010dkov\u00e9 odborn\u00edky, systematicky proto pracujeme na jejich profesn\u00edm rozvoji a poskytujeme jim ty nejlep\u0161\u00ed pracovn\u00ed podm\u00ednky. Z\u00e1kladem na\u0161\u00ed \u00fasp\u011b\u0161n\u00e9 pr\u00e1ce je t\u00fdmov\u00e1 kooperace a t\u011bsn\u00e9 sep\u011bt\u00ed s klientem.<\/p>\n<p>Na\u0161\u00edm hlavn\u00edm c\u00edlem je pom\u00e1hat klient\u016fm v jejich r\u016fstu. V\u011bnujeme proto zna\u010dn\u00e9 \u00fasil\u00ed o porozum\u011bn\u00ed na\u0161im klient\u016fm, intenzivn\u011b hled\u00e1me nov\u00e1 \u0159e\u0161en\u00ed a nikdy nejsme spokojeni, dokud na\u0161e pr\u00e1ce nedosahuje t\u00e9 nejvy\u0161\u0161\u00ed kvality.<\/p>\n<p>&nbsp;<\/p>\n<p><strong>Karel Kol\u00e1\u0159, \u0159editel<\/strong><br \/>\nKarel Kol\u00e1\u0159 je jedn\u00edm ze zakladatel\u016f spole\u010dnosti Total Solutions, od roku 1996 p\u016fsobil jako Mana\u017eer v\u00fdvoje a v sou\u010dasnosti je jej\u00edm \u0159editelem (od roku 2001). Vedle obvykl\u00fdch \u010dinnost\u00ed vypl\u00fdvaj\u00edc\u00edch z t\u00e9to pozice se tak\u00e9 aktivn\u011b zapojuje do pr\u00e1ce sv\u00e9ho t\u00fdmu na mnoha konkr\u00e9tn\u00edch projektech a star\u00e1 se o to, aby firma Total Solutions poskytovala sv\u00fdm klient\u016fm slu\u017eby t\u00e9 nejvy\u0161\u0161\u00ed kvality. Krom\u011b d\u016fkladn\u00e9 odborn\u00e9 znalosti IT v oblasti datab\u00e1zov\u00fdch \u0159e\u0161en\u00ed se Karel Kol\u00e1\u0159 dlouhodob\u011b zab\u00fdv\u00e1 i investi\u010dn\u00edm bankovnictv\u00edm a operacemi na kapit\u00e1lov\u00e9m trhu. P\u0159edt\u00edm, ne\u017e Karel Kol\u00e1\u0159 spoluzalo\u017eil Total Solutions, pracoval jako konzultant ve sv\u00e9 dob\u011b v jedn\u00e9 z nejv\u011bt\u0161\u00edch IT spole\u010dnost\u00ed &#8211; FCC Folprecht, kter\u00e1 se pozd\u011bji stala sou\u010d\u00e1st\u00ed americk\u00e9 spole\u010dnosti Logica. Pot\u00e9 pracoval jako IT mana\u017eer pro spole\u010dnost Atlantik finan\u010dn\u00ed trhy, kter\u00e1 je v\u00fdznamn\u00fdm obchodn\u00edkem s cenn\u00fdmi pap\u00edry.<\/p>\n","protected":false},"excerpt":{"rendered":"<p>O spole\u010dnosti Totals Solutions s.r.o. Spole\u010dnost Total Solutions s.r.o. se stala od sv\u00e9ho zalo\u017een\u00ed v roce 1996 jednou z nejuzn\u00e1van\u011bj\u0161\u00edch firem na \u010desk\u00e9m trhu se specializovan\u00fdmi softwarov\u00fdmi syst\u00e9my pro kapit\u00e1lov\u00e9 a finan\u010dn\u00ed trhy. Na\u0161ich slu\u017eeb vyu\u017e\u00edv\u00e1 cel\u00e1 \u0159ada v\u00fdznamn\u00fdch spole\u010dnost\u00ed. Na\u0161im klient\u016fm nenab\u00edz\u00edme pouze technologick\u00e1 \u0159e\u0161en\u00ed, ale tak\u00e9 technologick\u00e9 poradenstv\u00ed a nep\u0159etr\u017eitou aktivn\u00ed podporu. \u00dazk\u00e1 [&hellip;]<\/p>\n","protected":false},"author":1,"featured_media":0,"parent":0,"menu_order":0,"comment_status":"open","ping_status":"open","template":"","meta":[],"_links":{"self":[{"href":"https:\/\/www.total-solutions.cz\/index.php?rest_route=\/wp\/v2\/pages\/42"}],"collection":[{"href":"https:\/\/www.total-solutions.cz\/index.php?rest_route=\/wp\/v2\/pages"}],"about":[{"href":"https:\/\/www.total-solutions.cz\/index.php?rest_route=\/wp\/v2\/types\/page"}],"author":[{"embeddable":true,"href":"https:\/\/www.total-solutions.cz\/index.php?rest_route=\/wp\/v2\/users\/1"}],"replies":[{"embeddable":true,"href":"https:\/\/www.total-solutions.cz\/index.php?rest_route=%2Fwp%2Fv2%2Fcomments&post=42"}],"version-history":[{"count":4,"href":"https:\/\/www.total-solutions.cz\/index.php?rest_route=\/wp\/v2\/pages\/42\/revisions"}],"predecessor-version":[{"id":128,"href":"https:\/\/www.total-solutions.cz\/index.php?rest_route=\/wp\/v2\/pages\/42\/revisions\/128"}],"wp:attachment":[{"href":"https:\/\/www.total-solutions.cz\/index.php?rest_route=%2Fwp%2Fv2%2Fmedia&parent=42"}],"curies":[{"name":"wp","href":"https:\/\/api.w.org\/{rel}","templated":true}]}}