	{"id":327,"date":"2014-10-16T15:18:37","date_gmt":"2014-10-16T15:18:37","guid":{"rendered":"http:\/\/www.total-solutions.cz\/?page_id=327"},"modified":"2017-05-30T10:59:31","modified_gmt":"2017-05-30T10:59:31","slug":"junior-oracle-sql-developer","status":"publish","type":"page","link":"https:\/\/www.total-solutions.cz\/?page_id=327","title":{"rendered":"Oracle SQL Developer"},"content":{"rendered":"<p>Spole\u010dnost Total Solutions, s. r. o., kter\u00e1 se zam\u011b\u0159uje na v\u00fdvoj specializovan\u00fdch softwarov\u00fdch syst\u00e9m\u016f pro kapit\u00e1lov\u00e9 a finan\u010dn\u00ed trhy, hled\u00e1 pro nov\u011b p\u0159ipravovan\u00fd produkt vhodn\u00e9ho kandid\u00e1ta na pozici\u00a0<strong>Oracle SQL Developer<\/strong>. N\u00e1stup mo\u017en\u00fd ihned. Pozice je vhodn\u00e1 pro studenty vy\u0161\u0161\u00edch ro\u010dn\u00edk\u016f V\u0160.<\/p>\n<p><strong>POPIS PR\u00c1CE<\/strong><\/p>\n<ul>\n<li>N\u00e1vrh a v\u00fdvoj nov\u00e9 datab\u00e1zov\u00e9 aplikace<\/li>\n<li>Komunikace s dal\u0161\u00edmi \u010dleny t\u00fdmu \u2013 senior v\u00fdvoj\u00e1\u0159, analytik, projektov\u00fd manager<\/li>\n<\/ul>\n<p><strong>PO\u017dADUJEME<\/strong><\/p>\n<ul>\n<li>\u0160ir\u0161\u00ed znalost a zku\u0161enosti s\u00a0projekty v Oracle SQL<\/li>\n<li>Z\u00e1kladn\u00ed orientace ve v\u00fdvoji 3 vrstevn\u00fdch aplikac\u00ed<\/li>\n<li>Angli\u010dtinu na \u00farovni \u010dten\u00ed technick\u00e9 dokumentace<\/li>\n<\/ul>\n<p><strong>NAB\u00cdZ\u00cdME<\/strong><\/p>\n<ul>\n<li>Z\u00e1zem\u00ed stabiln\u00ed spole\u010dnosti<\/li>\n<li>Volnou pracovn\u00ed dobu dle mo\u017enost\u00ed uchaze\u010de \u2013 Pozice je vhodn\u00e1 pro studenta V\u0160<\/li>\n<li>N\u00e1stup mo\u017en\u00fd ihned<\/li>\n<li>Pr\u00e1ce v centru Prahy<\/li>\n<li>Pr\u00e1ce pro zaj\u00edmav\u00e9 klienty z oblasti finan\u010dn\u00edch trh\u016f (<a title=\"Reference\" href=\"http:\/\/www.total-solutions.cz\/?page_id=38\">v\u00edce zde<\/a>)<\/li>\n<\/ul>\n<p>V p\u0159\u00edpad\u011b z\u00e1jmu za\u0161lete pros\u00edm Va\u0161e\u00a0<strong>CV a<\/strong>\u00a0<strong>stru\u010dn\u00fd popis projekt\u016f<\/strong>, na kter\u00fdch jste se pod\u00edleli na emailovou adresu\u00a0<strong>info<\/strong>[zavin\u00e1\u010d]<strong>total-solutions.cz<\/strong>, do p\u0159edm\u011btu uve\u010fte &#8220;Oracle SQL\u00a0Developer&#8221; a my se s V\u00e1mi spoj\u00edme.<\/p>\n<p>Odesl\u00e1n\u00edm sv\u00fdch \u00fadaj\u016f z\u00e1rove\u0148 souhlas\u00edte s\u00a0t\u00edm, aby spole\u010dnost Total Solutions s.r.o., s\u00eddlem Ke St\u00edrce 1875\/7, Praha 8, 182 00, zpracov\u00e1vala va\u0161e osobn\u00ed \u00fadaje uveden\u00e9 v \u017eivotopise uchaze\u010de o zam\u011bstn\u00e1n\u00ed v souladu se z\u00e1konem \u010d. 101\/2000 Sb. &#8220;O ochran\u011b osobn\u00edch \u00fadaj\u016f&#8221; ve zn\u011bn\u00ed pozd\u011bj\u0161\u00edch p\u0159edpis\u016f, a to a\u017e do odvol\u00e1n\u00ed p\u00edsemnou formou.<\/p>\n","protected":false},"excerpt":{"rendered":"<p>Spole\u010dnost Total Solutions, s. r. o., kter\u00e1 se zam\u011b\u0159uje na v\u00fdvoj specializovan\u00fdch softwarov\u00fdch syst\u00e9m\u016f pro kapit\u00e1lov\u00e9 a finan\u010dn\u00ed trhy, hled\u00e1 pro nov\u011b p\u0159ipravovan\u00fd produkt vhodn\u00e9ho kandid\u00e1ta na pozici\u00a0Oracle SQL Developer. N\u00e1stup mo\u017en\u00fd ihned. Pozice je vhodn\u00e1 pro studenty vy\u0161\u0161\u00edch ro\u010dn\u00edk\u016f V\u0160. POPIS PR\u00c1CE N\u00e1vrh a v\u00fdvoj nov\u00e9 datab\u00e1zov\u00e9 aplikace Komunikace s dal\u0161\u00edmi \u010dleny t\u00fdmu \u2013 [&hellip;]<\/p>\n","protected":false},"author":1,"featured_media":0,"parent":0,"menu_order":0,"comment_status":"open","ping_status":"open","template":"","meta":[],"_links":{"self":[{"href":"https:\/\/www.total-solutions.cz\/index.php?rest_route=\/wp\/v2\/pages\/327"}],"collection":[{"href":"https:\/\/www.total-solutions.cz\/index.php?rest_route=\/wp\/v2\/pages"}],"about":[{"href":"https:\/\/www.total-solutions.cz\/index.php?rest_route=\/wp\/v2\/types\/page"}],"author":[{"embeddable":true,"href":"https:\/\/www.total-solutions.cz\/index.php?rest_route=\/wp\/v2\/users\/1"}],"replies":[{"embeddable":true,"href":"https:\/\/www.total-solutions.cz\/index.php?rest_route=%2Fwp%2Fv2%2Fcomments&post=327"}],"version-history":[{"count":7,"href":"https:\/\/www.total-solutions.cz\/index.php?rest_route=\/wp\/v2\/pages\/327\/revisions"}],"predecessor-version":[{"id":329,"href":"https:\/\/www.total-solutions.cz\/index.php?rest_route=\/wp\/v2\/pages\/327\/revisions\/329"}],"wp:attachment":[{"href":"https:\/\/www.total-solutions.cz\/index.php?rest_route=%2Fwp%2Fv2%2Fmedia&parent=327"}],"curies":[{"name":"wp","href":"https:\/\/api.w.org\/{rel}","templated":true}]}}