	{"id":27,"date":"2011-12-12T13:43:33","date_gmt":"2011-12-12T13:43:33","guid":{"rendered":"http:\/\/test.lipavsky.com\/ts\/?page_id=27"},"modified":"2012-05-25T10:31:57","modified_gmt":"2012-05-25T10:31:57","slug":"energetika","status":"publish","type":"page","link":"https:\/\/www.total-solutions.cz\/?page_id=27","title":{"rendered":"Energetika"},"content":{"rendered":"<p>Se spu\u0161t\u011bn\u00edm pra\u017esk\u00e9 energetick\u00e9 burzy PXE v \u010dervenci 2007 jsme p\u0159ipravili program IVAN \u2013 PXE. Vyu\u017eili jsme k tomu na\u0161ich zku\u0161enost\u00ed s obchodov\u00e1n\u00edm na pra\u017esk\u00e9 akciov\u00e9 burze. IVAN \u2013 PXE je softwarov\u00fd produkt, kter\u00fd v\u00fdrazn\u011b usnad\u0148uje pr\u00e1ci obchodn\u00edk\u016fm s elektrickou energi\u00ed v n\u00e1sleduj\u00edc\u00edch oblastech:<\/p>\n<ul>\n<li>Spr\u00e1va obchodovan\u00fdch portfoli\u00ed<\/li>\n<li>V\u00fdstupy pro \u00fa\u010detnictv\u00ed a fakturace<\/li>\n<li>On-line obchodov\u00e1n\u00ed na pra\u017esk\u00e9 energetick\u00e9 burze \u2013 PXE<\/li>\n<li>Denn\u00ed p\u0159epo\u010det pozice obchodn\u00edka<\/li>\n<li>Kask\u00e1dov\u00e1n\u00ed produkt\u016f k libovoln\u00e9mu dni (zp\u011btn\u011b i do budoucna)<\/li>\n<li>Kontrola limit\u016f a mar\u017e\u00ed<\/li>\n<li>Reporting<\/li>\n<\/ul>\n<p><strong>Aplikace podporuje n\u00e1sleduj\u00edc\u00ed funk\u010dnosti<\/strong><\/p>\n<p><img loading=\"lazy\" class=\"alignnone size-full wp-image-119\" title=\"img483ed14c7a74a\" src=\"\/wp-content\/uploads\/2011\/12\/img483ed14c7a74a.png\" alt=\"\" width=\"586\" height=\"239\" srcset=\"https:\/\/www.total-solutions.cz\/wp-content\/uploads\/2011\/12\/img483ed14c7a74a.png 586w, https:\/\/www.total-solutions.cz\/wp-content\/uploads\/2011\/12\/img483ed14c7a74a-300x122.png 300w\" sizes=\"(max-width: 586px) 100vw, 586px\" \/><\/p>\n<p><strong>Front office<\/strong><\/p>\n<ul>\n<li>Kontrola objedn\u00e1vek p\u0159ed odesl\u00e1n\u00edm na PXE, v\u016f\u010di vlastn\u00edm kontroln\u00edm pravidl\u016fm (limity, omezen\u00ed u\u017eivatel\u016f, atd)<\/li>\n<li>Odes\u00edl\u00e1n\u00ed objedn\u00e1vek na PXE na produkty obchodovan\u00e9 na PXE<\/li>\n<li>N\u00e1sledn\u00e1 evidence sp\u00e1rovan\u00fdch objedn\u00e1vek v tabulce obchod\u016f s dopln\u011bn\u00fdmi nezbytn\u00fdmi \u00fadaji (nap\u0159. u\u017eivatel, obdob\u00ed dod\u00e1vky, poplatky, atd.)<\/li>\n<li>Zobrazen\u00ed dal\u0161\u00edch nezbytn\u00fdch \u00fadaj\u016f (v\u00fdpo\u010dt\u016f) pro podporu spr\u00e1vn\u00e9ho rozhodnut\u00ed obchodn\u00edka<\/li>\n<\/ul>\n<p><strong>Middle office<\/strong><\/p>\n<ul>\n<li>Evidence portfoli\u00ed (zaji\u0161tovac\u00ed, trading, klientsk\u00e9, atd.)<\/li>\n<li>Evidence protistran (zat\u00edm jen centr\u00e1ln\u00ed protistrana)<\/li>\n<li>Kontrola pozic IVAN vs. PXE<\/li>\n<li>Kontrola m\u011bs\u00ed\u010dn\u00ed fakturace<\/li>\n<\/ul>\n<p><strong>\u00da\u010dt\u00e1rna<\/strong><\/p>\n<ul>\n<li>Report pro m\u011bs\u00ed\u010dn\u00ed za\u00fa\u010dtov\u00e1n\u00ed M2M a splatnosti<\/li>\n<li>Finan\u010dn\u00ed odd\u011blen\u00ed<\/li>\n<li>Simula\u010dn\u00ed obrazovka pro mar\u017eov\u00e9 po\u017eadavky<\/li>\n<li>Automatick\u00e9 kask\u00e1dov\u00e1n\u00ed produkt\u016f<\/li>\n<\/ul>\n<p><strong>IT<\/strong><\/p>\n<ul>\n<li>Bezpe\u010dnostn\u00ed logy o proveden\u00fdch operac\u00edch<\/li>\n<li>Nastavov\u00e1n\u00ed p\u0159\u00edstup\u016f jednotliv\u00fdch u\u017eivatel\u016f<\/li>\n<\/ul>\n","protected":false},"excerpt":{"rendered":"<p>Se spu\u0161t\u011bn\u00edm pra\u017esk\u00e9 energetick\u00e9 burzy PXE v \u010dervenci 2007 jsme p\u0159ipravili program IVAN \u2013 PXE. Vyu\u017eili jsme k tomu na\u0161ich zku\u0161enost\u00ed s obchodov\u00e1n\u00edm na pra\u017esk\u00e9 akciov\u00e9 burze. IVAN \u2013 PXE je softwarov\u00fd produkt, kter\u00fd v\u00fdrazn\u011b usnad\u0148uje pr\u00e1ci obchodn\u00edk\u016fm s elektrickou energi\u00ed v n\u00e1sleduj\u00edc\u00edch oblastech: Spr\u00e1va obchodovan\u00fdch portfoli\u00ed V\u00fdstupy pro \u00fa\u010detnictv\u00ed a fakturace On-line obchodov\u00e1n\u00ed na [&hellip;]<\/p>\n","protected":false},"author":1,"featured_media":0,"parent":2,"menu_order":0,"comment_status":"open","ping_status":"open","template":"","meta":[],"_links":{"self":[{"href":"https:\/\/www.total-solutions.cz\/index.php?rest_route=\/wp\/v2\/pages\/27"}],"collection":[{"href":"https:\/\/www.total-solutions.cz\/index.php?rest_route=\/wp\/v2\/pages"}],"about":[{"href":"https:\/\/www.total-solutions.cz\/index.php?rest_route=\/wp\/v2\/types\/page"}],"author":[{"embeddable":true,"href":"https:\/\/www.total-solutions.cz\/index.php?rest_route=\/wp\/v2\/users\/1"}],"replies":[{"embeddable":true,"href":"https:\/\/www.total-solutions.cz\/index.php?rest_route=%2Fwp%2Fv2%2Fcomments&post=27"}],"version-history":[{"count":11,"href":"https:\/\/www.total-solutions.cz\/index.php?rest_route=\/wp\/v2\/pages\/27\/revisions"}],"predecessor-version":[{"id":280,"href":"https:\/\/www.total-solutions.cz\/index.php?rest_route=\/wp\/v2\/pages\/27\/revisions\/280"}],"up":[{"embeddable":true,"href":"https:\/\/www.total-solutions.cz\/index.php?rest_route=\/wp\/v2\/pages\/2"}],"wp:attachment":[{"href":"https:\/\/www.total-solutions.cz\/index.php?rest_route=%2Fwp%2Fv2%2Fmedia&parent=27"}],"curies":[{"name":"wp","href":"https:\/\/api.w.org\/{rel}","templated":true}]}}