	{"id":254,"date":"2012-02-01T15:29:10","date_gmt":"2012-02-01T15:29:10","guid":{"rendered":"http:\/\/www.total-solutions.cz\/?page_id=254"},"modified":"2012-04-03T13:41:49","modified_gmt":"2012-04-03T13:41:49","slug":"forexove-trhy","status":"publish","type":"page","link":"https:\/\/www.total-solutions.cz\/?page_id=254","title":{"rendered":"Forexov\u00e9 obchodov\u00e1n\u00ed"},"content":{"rendered":"<p>Pro podporu obchodov\u00e1n\u00ed s ciz\u00edmi m\u011bnami nab\u00edz\u00edme produkt IVAN FX.<\/p>\n<p>IVAN FX je syst\u00e9m, kter\u00fd v r\u00e1mci finan\u010dn\u00ed insitutce zaji\u0161\u0165uje n\u00e1sleduj\u00edc\u00ed procesy:<\/p>\n<ul>\n<li>Front office<\/li>\n<ul>\n<li>P\u0159ij\u00edm\u00e1n\u00ed a vkl\u00e1d\u00e1n\u00ed obchodu v ciz\u00ed m\u011bn\u011b<\/li>\n<li>P\u0159ij\u00edm\u00e1n\u00ed a vkl\u00e1d\u00e1n\u00ed pokyn\u016f pro obchodov\u00e1n\u00ed v ciz\u00ed m\u011bn\u011b<\/li>\n<\/ul>\n<li>Middle office<\/li>\n<ul>\n<li>Risk management<\/li>\n<li>Schv\u00e1len\u00ed proti limit\u016fm<\/li>\n<\/ul>\n<li>Back-office<\/li>\n<ul>\n<li>Vypo\u0159\u00e1d\u00e1n\u00ed<\/li>\n<li>SWIFT komunikace<\/li>\n<\/ul>\n<\/ul>\n<p>&nbsp;<\/p>\n","protected":false},"excerpt":{"rendered":"<p>Pro podporu obchodov\u00e1n\u00ed s ciz\u00edmi m\u011bnami nab\u00edz\u00edme produkt IVAN FX. IVAN FX je syst\u00e9m, kter\u00fd v r\u00e1mci finan\u010dn\u00ed insitutce zaji\u0161\u0165uje n\u00e1sleduj\u00edc\u00ed procesy: Front office P\u0159ij\u00edm\u00e1n\u00ed a vkl\u00e1d\u00e1n\u00ed obchodu v ciz\u00ed m\u011bn\u011b P\u0159ij\u00edm\u00e1n\u00ed a vkl\u00e1d\u00e1n\u00ed pokyn\u016f pro obchodov\u00e1n\u00ed v ciz\u00ed m\u011bn\u011b Middle office Risk management Schv\u00e1len\u00ed proti limit\u016fm Back-office Vypo\u0159\u00e1d\u00e1n\u00ed SWIFT komunikace &nbsp;<\/p>\n","protected":false},"author":1,"featured_media":0,"parent":2,"menu_order":0,"comment_status":"open","ping_status":"open","template":"","meta":[],"_links":{"self":[{"href":"https:\/\/www.total-solutions.cz\/index.php?rest_route=\/wp\/v2\/pages\/254"}],"collection":[{"href":"https:\/\/www.total-solutions.cz\/index.php?rest_route=\/wp\/v2\/pages"}],"about":[{"href":"https:\/\/www.total-solutions.cz\/index.php?rest_route=\/wp\/v2\/types\/page"}],"author":[{"embeddable":true,"href":"https:\/\/www.total-solutions.cz\/index.php?rest_route=\/wp\/v2\/users\/1"}],"replies":[{"embeddable":true,"href":"https:\/\/www.total-solutions.cz\/index.php?rest_route=%2Fwp%2Fv2%2Fcomments&post=254"}],"version-history":[{"count":6,"href":"https:\/\/www.total-solutions.cz\/index.php?rest_route=\/wp\/v2\/pages\/254\/revisions"}],"predecessor-version":[{"id":256,"href":"https:\/\/www.total-solutions.cz\/index.php?rest_route=\/wp\/v2\/pages\/254\/revisions\/256"}],"up":[{"embeddable":true,"href":"https:\/\/www.total-solutions.cz\/index.php?rest_route=\/wp\/v2\/pages\/2"}],"wp:attachment":[{"href":"https:\/\/www.total-solutions.cz\/index.php?rest_route=%2Fwp%2Fv2%2Fmedia&parent=254"}],"curies":[{"name":"wp","href":"https:\/\/api.w.org\/{rel}","templated":true}]}}