	{"id":24,"date":"2011-12-12T13:42:37","date_gmt":"2011-12-12T13:42:37","guid":{"rendered":"http:\/\/test.lipavsky.com\/ts\/?page_id=24"},"modified":"2012-07-11T12:53:34","modified_gmt":"2012-07-11T12:53:34","slug":"vykaznictvi","status":"publish","type":"page","link":"https:\/\/www.total-solutions.cz\/?page_id=24","title":{"rendered":"Reporting a v\u00fdkaznictv\u00ed"},"content":{"rendered":"<p><strong>SDNS &#8211; Automatick\u00fd reporting pro \u010cNB<\/strong><\/p>\n<p>P\u0159edstavujeme V\u00e1m syst\u00e9m SDNS pro automatick\u00e9 reportov\u00e1n\u00ed pro \u010cNB. Tento syst\u00e9m \u0159e\u0161\u00ed nap\u0159\u00edklad denn\u011b reportovan\u00fd v\u00fdkaz MOKAS40 pro obchodn\u00edky s cenn\u00fdmi pap\u00edry. SDNS podporuje ale ve\u0161ker\u00e9 v\u00fdkazy \u010cNB (OCP, banky, penzijn\u00ed fondy, poji\u0161\u0165ovny atd.) a v\u00fdrazn\u011b tak sni\u017euje pracovn\u00ed z\u00e1t\u011b\u017e v odd\u011blen\u00edch back-office, compliance a v\u00fdkaznictv\u00ed.<\/p>\n<p><strong>Dal\u0161\u00ed vlastnosti syst\u00e9mu:<\/strong><\/p>\n<ul>\n<li>SDNS pracuje nez\u00e1visle na ostatn\u00edch syst\u00e9mech ve Va\u0161\u00ed spole\u010dnosti \u2013 jedn\u00e1 se o tzv. technologickou komponentu.<\/li>\n<li>Zaji\u0161t\u011bn\u00ed p\u0159\u00edstupu pouze pro certifikovan\u00e9 osoby<\/li>\n<li>Mo\u017enost nastaven\u00ed manu\u00e1ln\u00edho nebo automatick\u00e9 komunikace s \u010cNB<\/li>\n<li>SDNS je obdobn\u00e9 \u0159e\u0161en\u00ed jako EDIFACT (\u0159e\u0161en\u00ed pou\u017e\u00edvan\u00e9 v bankovnictv\u00ed)<\/li>\n<\/ul>\n<p><strong>Athene II. &#8211; v\u00fdpo\u010det kapit\u00e1lov\u00e9 p\u0159im\u011b\u0159enosti<\/strong><\/p>\n<p>V oblasti v\u00fdkaznictv\u00ed nab\u00edz\u00edme program Athene II. Tato aplikace je ur\u010dena pro investi\u010dn\u00ed spole\u010dnosti, kter\u00e9 vy\u017eaduj\u00ed vyhodnocov\u00e1n\u00ed a reportov\u00e1n\u00ed kapit\u00e1lov\u00e9 p\u0159im\u011b\u0159enost na soustavn\u00e9 b\u00e1zi. Athene II vykazuje \u00fav\u011brov\u00e9 riziko, FX &amp; IR riziko, akciov\u00e9 riziko, komoditn\u00ed riziko a \u00farokov\u00e9 riziko obchodn\u00edho portfolia. Aplikace je k dispozici ve t\u0159ech verz\u00edch:<\/p>\n<ul>\n<li>Finan\u010dn\u00ed a IT poradenstv\u00ed<\/li>\n<li>Post-implementa\u010dn\u00ed podpory<\/li>\n<li>Poradenstv\u00ed pro klesaj\u00edc\u00ed rizikovost spole\u010dnosti a garance kvality<\/li>\n<\/ul>\n<p>Architektonicky je Athene II syst\u00e9m rozd\u011blen do t\u0159\u00ed vrstev (klientsk\u00e1 aplikace, aplika\u010dn\u00ed server a datab\u00e1zov\u00fd server). Athene II vyu\u017e\u00edv\u00e1 datab\u00e1zi ORACLE a univerz\u00e1ln\u00ed program SQL Loader jako jednu z mo\u017enost\u00ed pro datov\u00e9 rozhran\u00ed. To umo\u017e\u0148uje spolehliv\u00e9 a rychl\u00e9 z\u00edsk\u00e1v\u00e1n\u00ed dat z r\u016fzn\u00fdch zdroj\u016f: \u00fa\u010detn\u00ed syst\u00e9my, portfolio management syst\u00e9my a data-warehouse syst\u00e9my.<\/p>\n","protected":false},"excerpt":{"rendered":"<p>SDNS &#8211; Automatick\u00fd reporting pro \u010cNB P\u0159edstavujeme V\u00e1m syst\u00e9m SDNS pro automatick\u00e9 reportov\u00e1n\u00ed pro \u010cNB. Tento syst\u00e9m \u0159e\u0161\u00ed nap\u0159\u00edklad denn\u011b reportovan\u00fd v\u00fdkaz MOKAS40 pro obchodn\u00edky s cenn\u00fdmi pap\u00edry. SDNS podporuje ale ve\u0161ker\u00e9 v\u00fdkazy \u010cNB (OCP, banky, penzijn\u00ed fondy, poji\u0161\u0165ovny atd.) a v\u00fdrazn\u011b tak sni\u017euje pracovn\u00ed z\u00e1t\u011b\u017e v odd\u011blen\u00edch back-office, compliance a v\u00fdkaznictv\u00ed. Dal\u0161\u00ed vlastnosti syst\u00e9mu: [&hellip;]<\/p>\n","protected":false},"author":1,"featured_media":0,"parent":2,"menu_order":0,"comment_status":"open","ping_status":"open","template":"","meta":[],"_links":{"self":[{"href":"https:\/\/www.total-solutions.cz\/index.php?rest_route=\/wp\/v2\/pages\/24"}],"collection":[{"href":"https:\/\/www.total-solutions.cz\/index.php?rest_route=\/wp\/v2\/pages"}],"about":[{"href":"https:\/\/www.total-solutions.cz\/index.php?rest_route=\/wp\/v2\/types\/page"}],"author":[{"embeddable":true,"href":"https:\/\/www.total-solutions.cz\/index.php?rest_route=\/wp\/v2\/users\/1"}],"replies":[{"embeddable":true,"href":"https:\/\/www.total-solutions.cz\/index.php?rest_route=%2Fwp%2Fv2%2Fcomments&post=24"}],"version-history":[{"count":7,"href":"https:\/\/www.total-solutions.cz\/index.php?rest_route=\/wp\/v2\/pages\/24\/revisions"}],"predecessor-version":[{"id":282,"href":"https:\/\/www.total-solutions.cz\/index.php?rest_route=\/wp\/v2\/pages\/24\/revisions\/282"}],"up":[{"embeddable":true,"href":"https:\/\/www.total-solutions.cz\/index.php?rest_route=\/wp\/v2\/pages\/2"}],"wp:attachment":[{"href":"https:\/\/www.total-solutions.cz\/index.php?rest_route=%2Fwp%2Fv2%2Fmedia&parent=24"}],"curies":[{"name":"wp","href":"https:\/\/api.w.org\/{rel}","templated":true}]}}