	{"id":22,"date":"2011-12-12T13:42:20","date_gmt":"2011-12-12T13:42:20","guid":{"rendered":"http:\/\/test.lipavsky.com\/ts\/?page_id=22"},"modified":"2012-01-13T12:29:49","modified_gmt":"2012-01-13T12:29:49","slug":"risk-management","status":"publish","type":"page","link":"https:\/\/www.total-solutions.cz\/?page_id=22","title":{"rendered":"Risk management"},"content":{"rendered":"<p>V oblasti risk managementu nab\u00edz\u00edme softwarov\u00e9 \u0159e\u0161en\u00ed Light Financial Package 2 (LFP2). Jedn\u00e1 se o analytick\u00fd n\u00e1stroj, kter\u00fd kone\u010dn\u00e9mu u\u017eivateli simuluje v\u0161echny rozhodovac\u00ed parametry, futures, dluhopis\u016f i opc\u00ed. LFP 2 d\u00e1le zahrnuje kalkulace hedgingu a simula\u010dn\u00ed strategie, je\u017e pom\u00e1haj\u00ed omezit rizika spojen\u00e1 s derivativn\u00edmi transakcemi. LFP 2 nab\u00edz\u00ed mo\u017enost importu burzovn\u00edch dat z real-timov\u00e9ho toku a centralizaci dat pro cel\u00e1 portfolia.<\/p>\n<p><strong>Light Financial Package 2 umo\u017e\u0148uje:<\/strong><\/p>\n<ul>\n<li>Hodnocen\u00ed r\u016fzn\u00fdch cen na odli\u0161n\u00fdch z\u00e1kladech (nap\u0159. cenn\u00e9 pap\u00edry, futures, ciz\u00ed m\u011bny, cenn\u00e9 pap\u00edry s fixn\u00edm v\u00fdnosem)<\/li>\n<li>V\u00fdpo\u010dty mnoha parametr\u016f (nap\u0159. implicitn\u00ed volatilita, Delta, Gamma, Theta, Vega, Rho, atd.)<\/li>\n<li>Prov\u00e1d\u011bc\u00ed dluhopisov\u00e9 kalkulace<\/li>\n<li>Aplikace r\u016fzn\u00fdch voliteln\u00fdch strategi\u00ed simulace<\/li>\n<li>Nal\u00e9z\u00e1n\u00ed mo\u017enost\u00ed zaji\u0161\u0165ov\u00e1n\u00ed pro jeden nebo v\u00edce deriv\u00e1t\u016f<\/li>\n<li>Prezentaci derivativn\u00edch dat a v\u00fdsledk\u016f hedgingu v precizn\u00edch tabulk\u00e1ch a grafech<\/li>\n<li>Monitorov\u00e1n\u00ed v\u00fdvoje a pozice portfoli\u00ed v re\u00e1ln\u00e9m \u010dase<\/li>\n<li>Anal\u00fdzy v\u00edce sou\u010dasn\u00fdch nab\u00eddek na vz\u00e1jemn\u011b propojen\u00fdch burz\u00e1ch s cenn\u00fdmi pap\u00edry<\/li>\n<\/ul>\n","protected":false},"excerpt":{"rendered":"<p>V oblasti risk managementu nab\u00edz\u00edme softwarov\u00e9 \u0159e\u0161en\u00ed Light Financial Package 2 (LFP2). Jedn\u00e1 se o analytick\u00fd n\u00e1stroj, kter\u00fd kone\u010dn\u00e9mu u\u017eivateli simuluje v\u0161echny rozhodovac\u00ed parametry, futures, dluhopis\u016f i opc\u00ed. LFP 2 d\u00e1le zahrnuje kalkulace hedgingu a simula\u010dn\u00ed strategie, je\u017e pom\u00e1haj\u00ed omezit rizika spojen\u00e1 s derivativn\u00edmi transakcemi. LFP 2 nab\u00edz\u00ed mo\u017enost importu burzovn\u00edch dat z real-timov\u00e9ho toku [&hellip;]<\/p>\n","protected":false},"author":1,"featured_media":0,"parent":2,"menu_order":0,"comment_status":"open","ping_status":"open","template":"","meta":[],"_links":{"self":[{"href":"https:\/\/www.total-solutions.cz\/index.php?rest_route=\/wp\/v2\/pages\/22"}],"collection":[{"href":"https:\/\/www.total-solutions.cz\/index.php?rest_route=\/wp\/v2\/pages"}],"about":[{"href":"https:\/\/www.total-solutions.cz\/index.php?rest_route=\/wp\/v2\/types\/page"}],"author":[{"embeddable":true,"href":"https:\/\/www.total-solutions.cz\/index.php?rest_route=\/wp\/v2\/users\/1"}],"replies":[{"embeddable":true,"href":"https:\/\/www.total-solutions.cz\/index.php?rest_route=%2Fwp%2Fv2%2Fcomments&post=22"}],"version-history":[{"count":3,"href":"https:\/\/www.total-solutions.cz\/index.php?rest_route=\/wp\/v2\/pages\/22\/revisions"}],"predecessor-version":[{"id":65,"href":"https:\/\/www.total-solutions.cz\/index.php?rest_route=\/wp\/v2\/pages\/22\/revisions\/65"}],"up":[{"embeddable":true,"href":"https:\/\/www.total-solutions.cz\/index.php?rest_route=\/wp\/v2\/pages\/2"}],"wp:attachment":[{"href":"https:\/\/www.total-solutions.cz\/index.php?rest_route=%2Fwp%2Fv2%2Fmedia&parent=22"}],"curies":[{"name":"wp","href":"https:\/\/api.w.org\/{rel}","templated":true}]}}