	{"id":19,"date":"2011-02-12T13:41:53","date_gmt":"2011-02-12T13:41:53","guid":{"rendered":"http:\/\/test.lipavsky.com\/ts\/?page_id=19"},"modified":"2016-03-07T12:40:55","modified_gmt":"2016-03-07T12:40:55","slug":"investicni-bankovnictvi","status":"publish","type":"page","link":"https:\/\/www.total-solutions.cz\/?page_id=19","title":{"rendered":"Investi\u010dn\u00ed bankovnictv\u00ed"},"content":{"rendered":"<p>Obchodov\u00e1n\u00ed na finan\u010dn\u00edch trz\u00edch je n\u00e1ro\u010dn\u00e1 \u010dinnost. Vyv\u00edj\u00edme proto takov\u00e9 produkty, kter\u00e9 na\u0161im klient\u016fm jejich pr\u00e1ci maxim\u00e1ln\u011b uleh\u010duj\u00ed. Poskytujeme \u0159e\u0161en\u00ed pro investi\u010dn\u00ed bankovnictv\u00ed, syst\u00e9m pro obchodov\u00e1n\u00ed a \u00faschovu (s mnoha vyu\u017eit\u00edmi pro spr\u00e1vu portfolia), obchodov\u00e1n\u00ed s cenn\u00fdmi pap\u00edry, cash management, kontrolu, risk management, clearing, finan\u010dn\u00ed \u00fa\u010detnictv\u00ed a automatizovan\u00fd reporting. Podporovan\u00e9 investi\u010dn\u00ed instrumenty jsou: dluhopisy, akcie, pod\u00edlov\u00e9 listy, warranty, zaji\u0161\u0165ovac\u00ed n\u00e1stroje a deriv\u00e1ty.<\/p>\n<p><strong>IVAN 5<\/strong><\/p>\n<p>Integrovan\u00fd syst\u00e9m IVAN je specializovan\u00fd na pra\u017eskou Burzu cenn\u00fdch pap\u00edr\u016f, na dom\u00e1c\u00ed a zahrani\u010dn\u00ed OTC trhy. IVAN je bezpe\u010dn\u00fd, v\u00fdkonn\u00fd a vysoce spolehliv\u00fd syst\u00e9m. Je vhodn\u00fd pro banky, makl\u00e9\u0159sk\u00e9 spole\u010dnosti a investi\u010dn\u00ed zprost\u0159edkovatele.<\/p>\n<p>IVAN zaji\u0161\u0165uje n\u00e1sleduj\u00edc\u00ed procesy:<\/p>\n<p><img loading=\"lazy\" class=\"alignnone size-full wp-image-59\" title=\"img46a675c6831f3\" src=\"\/wp-content\/uploads\/2011\/12\/img46a675c6831f3.png\" alt=\"\" width=\"679\" height=\"191\" srcset=\"https:\/\/www.total-solutions.cz\/wp-content\/uploads\/2011\/12\/img46a675c6831f3.png 679w, https:\/\/www.total-solutions.cz\/wp-content\/uploads\/2011\/12\/img46a675c6831f3-300x84.png 300w\" sizes=\"(max-width: 679px) 100vw, 679px\" \/><\/p>\n<p><strong>Front Office<\/strong><\/p>\n<p>Modul \u201eFront Office\u201c obsahuje mnoho funkc\u00ed pot\u0159ebn\u00fdch pro podporu rozhodov\u00e1n\u00ed, spr\u00e1vu objedn\u00e1vek, monitoring spr\u00e1vnosti pln\u011bn\u00ed, oce\u0148ov\u00e1n\u00ed, spr\u00e1vu portfolia a reporting. IVAN Superdealing je rychl\u00e9 front-office \u0159e\u0161en\u00ed pro\u00a0obchodov\u00e1n\u00ed v syst\u00e9mu SPAD a XETRA na pra\u017esk\u00e9 Burze cenn\u00fdch pap\u00edr\u016f.<\/p>\n<p><strong>Middle Office<\/strong><\/p>\n<p>Modul \u201eMiddle Office\u201c byl vyvinut pro zefektivn\u011bn\u00ed kontroln\u00edch operac\u00ed. Zaru\u010duje bezchybn\u00e9 zpracov\u00e1n\u00ed<\/p>\n<p>obchod\u016f.<\/p>\n<p><strong>Back Office<\/strong><\/p>\n<p>Modul \u201eBack Office\u201c integruje v\u0161echny back-office funkce, \u010d\u00edm\u017e umo\u017e\u0148uje automatizovan\u00e9 prov\u00e1d\u011bn\u00ed clearingov\u00fdch operac\u00ed.<\/p>\n<p><strong>Finan\u010dn\u00ed \u00fa\u010detnictv\u00ed<\/strong><\/p>\n<p>Modul \u201eFinan\u010dn\u00ed \u00fa\u010detnictv\u00ed\u201c umo\u017e\u0148uje, aby syst\u00e9m IVAN zaji\u0161\u0165oval kompletn\u00ed clearingov\u00e9 operace, obsahuje i celkov\u00fd modul pro finan\u010dn\u00ed \u00fa\u010detnictv\u00ed.<\/p>\n<p><strong>Reporting<\/strong><\/p>\n<p>Modul \u201eReporting\u201c zahrnuje vysokou \u00farove\u0148 reportingu, co\u017e zaru\u010duje pr\u016fhlednost a p\u0159esnost prov\u00e1d\u011bn\u00fdch operac\u00ed. (V\u0161echny v\u00fdsledky standardizovan\u00fdch \u010di upraven\u00fdch hl\u00e1\u0161en\u00ed lze archivovat, kop\u00edrovat, pos\u00edlat a ukl\u00e1dat jako soubory.)<\/p>\n<p><strong>Custody \u0159e\u0161en\u00ed<\/strong><\/p>\n<p>Modul \u201eCustody \u0159e\u0161en\u00ed\u201c umo\u017e\u0148uje spravovat, ukl\u00e1dat, uschov\u00e1vat a obchodovat s cenn\u00fdmi pap\u00edry. Syst\u00e9m je slo\u017een ze\u00a0dvou hlavn\u00edch sekc\u00ed: klientsk\u00e1 sekce a centr\u00e1ln\u00ed sekce. Jedn\u00e1 se o komplexn\u00ed n\u00e1stroj navr\u017een\u00fd pro spr\u00e1vu, skladov\u00e1n\u00ed a\u00a0uschov\u00e1v\u00e1n\u00ed bezpe\u010dnostn\u00edch n\u00e1stroj\u016f. IVAN Custody nav\u00edc zaznamen\u00e1v\u00e1 pohyb cenn\u00e9ho pap\u00edru mezi pobo\u010dkou\u00a0a\u00a0\u00fast\u0159ed\u00edm a d\u00e1le tam, kde je cenn\u00fd pap\u00edr uschov\u00e1n pro obchodov\u00e1n\u00ed.<\/p>\n<p><strong>Branch<\/strong><\/p>\n<p>Modul \u201eBranch\u201c je obchodn\u00ed \u0159e\u0161en\u00ed kombinuj\u00edc\u00ed operace front-office a back-office. Umo\u017e\u0148uje p\u0159\u00edm\u00e9 propojen\u00ed s\u00a0centr\u00e1ln\u00edm obchodn\u00edm syst\u00e9mem IVAN. Jedn\u00e1 se o ide\u00e1ln\u00ed obchodn\u00ed aplikaci, nebo\u0165 \u00fasp\u011b\u0161n\u011b integruje operace prov\u00e1d\u011bn\u00e9 v region\u00e1ln\u00edch pobo\u010dk\u00e1ch s operacemi centr\u00e1ly.<\/p>\n<p><strong id=\"internal-source-marker_0.9803670479450375\">Rozhran\u00ed a intergrace<br \/>\n<\/strong>N\u00e1\u0161 syst\u00e9m podporuje n\u00e1sleduj\u00edc\u00ed rozhran\u00ed:<\/p>\n<ul>\n<li>XETRA &#8211; FIX<\/li>\n<li>XETRA &#8211; EnBS<\/li>\n<li>XETRA &#8211; ETS<\/li>\n<li>FAST FIX<\/li>\n<li>SWIFT<\/li>\n<li>\n<div>EuroClear (vybran\u00e9 operace a\u00a0rekoncialiace)<\/div>\n<\/li>\n<li>\n<div>Report EMIR \u00a0(rozhran\u00ed SFTP, web service) \u00a0p\u0159es spole\u010dnost REGIS-TR<\/div>\n<\/li>\n<li>\u010cNB reporting \u2013 SDNS Web Service<\/li>\n<li>PSE \u2013 Pra\u017esk\u00e1 burza a Centr\u00e1ln\u00ed depozit\u00e1\u0159 cenn\u00fdch pap\u00edr\u016f<\/li>\n<li>PXE \u2013 Pra\u017esk\u00e1 energetick\u00e1 burza<\/li>\n<li>Reuters<\/li>\n<li>Bloomberg<\/li>\n<li>Trema FKIT<\/li>\n<li>Kondor+<\/li>\n<li>MTS<\/li>\n<li>Microsoft Dynamics NAV<\/li>\n<li>MIDAS<\/li>\n<\/ul>\n","protected":false},"excerpt":{"rendered":"<p>Obchodov\u00e1n\u00ed na finan\u010dn\u00edch trz\u00edch je n\u00e1ro\u010dn\u00e1 \u010dinnost. Vyv\u00edj\u00edme proto takov\u00e9 produkty, kter\u00e9 na\u0161im klient\u016fm jejich pr\u00e1ci maxim\u00e1ln\u011b uleh\u010duj\u00ed. Poskytujeme \u0159e\u0161en\u00ed pro investi\u010dn\u00ed bankovnictv\u00ed, syst\u00e9m pro obchodov\u00e1n\u00ed a \u00faschovu (s mnoha vyu\u017eit\u00edmi pro spr\u00e1vu portfolia), obchodov\u00e1n\u00ed s cenn\u00fdmi pap\u00edry, cash management, kontrolu, risk management, clearing, finan\u010dn\u00ed \u00fa\u010detnictv\u00ed a automatizovan\u00fd reporting. Podporovan\u00e9 investi\u010dn\u00ed instrumenty jsou: dluhopisy, akcie, [&hellip;]<\/p>\n","protected":false},"author":1,"featured_media":0,"parent":0,"menu_order":0,"comment_status":"open","ping_status":"open","template":"","meta":[],"_links":{"self":[{"href":"https:\/\/www.total-solutions.cz\/index.php?rest_route=\/wp\/v2\/pages\/19"}],"collection":[{"href":"https:\/\/www.total-solutions.cz\/index.php?rest_route=\/wp\/v2\/pages"}],"about":[{"href":"https:\/\/www.total-solutions.cz\/index.php?rest_route=\/wp\/v2\/types\/page"}],"author":[{"embeddable":true,"href":"https:\/\/www.total-solutions.cz\/index.php?rest_route=\/wp\/v2\/users\/1"}],"replies":[{"embeddable":true,"href":"https:\/\/www.total-solutions.cz\/index.php?rest_route=%2Fwp%2Fv2%2Fcomments&post=19"}],"version-history":[{"count":48,"href":"https:\/\/www.total-solutions.cz\/index.php?rest_route=\/wp\/v2\/pages\/19\/revisions"}],"predecessor-version":[{"id":684,"href":"https:\/\/www.total-solutions.cz\/index.php?rest_route=\/wp\/v2\/pages\/19\/revisions\/684"}],"wp:attachment":[{"href":"https:\/\/www.total-solutions.cz\/index.php?rest_route=%2Fwp%2Fv2%2Fmedia&parent=19"}],"curies":[{"name":"wp","href":"https:\/\/api.w.org\/{rel}","templated":true}]}}