	{"id":129,"date":"2012-01-24T10:11:57","date_gmt":"2012-01-24T10:11:57","guid":{"rendered":"http:\/\/test.lipavsky.com\/ts\/?page_id=129"},"modified":"2012-07-11T12:58:13","modified_gmt":"2012-07-11T12:58:13","slug":"privatni-bankovnictvi","status":"publish","type":"page","link":"https:\/\/www.total-solutions.cz\/?page_id=129","title":{"rendered":"Priv\u00e1tn\u00ed bankovnictv\u00ed"},"content":{"rendered":"<p>Pro banky nab\u00edzej\u00edc\u00ed priv\u00e1tn\u00ed bankovnictv\u00ed nab\u00edz\u00edme specializovan\u00e9 softwarov\u00e9 \u0159e\u0161en\u00ed pro jeho obsluhu.\u00a0\u0158e\u0161en\u00ed TS&nbsp;Priv\u00e1tn\u00ed bankovnictv\u00ed integruje do jednoho syst\u00e9mu pot\u0159eby klient\u016f, priv\u00e1tn\u00edch bank\u00e9\u0159\u016f a bankovn\u00edho managementu.<\/p>\n<p>Hlavn\u00ed moduly syst\u00e9mu jsou:<\/p>\n<ul>\n<li>Portfolia a klienti<\/li>\n<li>Advanced\u00a0performance\u00a0portfolio analysis &#8211;\u00a0Anal\u00fdza v\u00fdkonu a rizik portfolia<\/li>\n<li>Marketing a investi\u010dn\u00ed\u00a0p\u0159\u00edle\u017eitosti (CRM)<\/li>\n<li>V\u00fdstupy a reporty<\/li>\n<\/ul>\n<p><strong>Portfolia a klienti<\/strong><\/p>\n<p>Spr\u00e1va portfoli\u00ed klient\u016f, agregovan\u00fd pohled na portfolia (nap\u0159. nap\u0159\u00ed\u010d makl\u00e9\u0159i), spr\u00e1va portfoli\u00ed, spr\u00e1va klient\u016f (benefity, upozorn\u011bn\u00ed, dal\u0161\u00ed informace).<\/p>\n<p><strong>Advanced\u00a0performance\u00a0portfolio analysis<\/strong><\/p>\n<p>Anal\u00fdza v\u00fdkonu portfolia. porovn\u00e1n\u00ed portfolia v\u016f\u010di dan\u00e9mu benchmarku, nap\u0159. \u00farokov\u00e9 sazb\u011b PRIBOR 3M.<\/p>\n<p><strong>Marketing a investi\u010dn\u00ed\u00a0p\u0159\u00edle\u017eitosti (CRM)<\/strong><\/p>\n<p>Slou\u017e\u00ed na podporu priv\u00e1tn\u00edch bank\u00e9\u0159\u016f &#8211; kalkula\u010dky, p\u0159ehled nab\u00edzen\u00fdch produktu, marketingov\u00e9 nab\u00eddky (kampan\u011b), vyhodnocov\u00e1n\u00ed klient\u016f.<\/p>\n<p><strong>V\u00fdstupy a reporty<\/strong><\/p>\n<p>\u0158e\u0161en\u00ed obsahuje reporty, kter\u00e9 jsou ur\u010deny, jak pro klienta, tak pro management.<\/p>\n<p>&nbsp;<\/p>\n","protected":false},"excerpt":{"rendered":"<p>Pro banky nab\u00edzej\u00edc\u00ed priv\u00e1tn\u00ed bankovnictv\u00ed nab\u00edz\u00edme specializovan\u00e9 softwarov\u00e9 \u0159e\u0161en\u00ed pro jeho obsluhu.\u00a0\u0158e\u0161en\u00ed TS&nbsp;Priv\u00e1tn\u00ed bankovnictv\u00ed integruje do jednoho syst\u00e9mu pot\u0159eby klient\u016f, priv\u00e1tn\u00edch bank\u00e9\u0159\u016f a bankovn\u00edho managementu. Hlavn\u00ed moduly syst\u00e9mu jsou: Portfolia a klienti Advanced\u00a0performance\u00a0portfolio analysis &#8211;\u00a0Anal\u00fdza v\u00fdkonu a rizik portfolia Marketing a investi\u010dn\u00ed\u00a0p\u0159\u00edle\u017eitosti (CRM) V\u00fdstupy a reporty Portfolia a klienti Spr\u00e1va portfoli\u00ed klient\u016f, agregovan\u00fd pohled na [&hellip;]<\/p>\n","protected":false},"author":1,"featured_media":0,"parent":2,"menu_order":0,"comment_status":"open","ping_status":"open","template":"","meta":[],"_links":{"self":[{"href":"https:\/\/www.total-solutions.cz\/index.php?rest_route=\/wp\/v2\/pages\/129"}],"collection":[{"href":"https:\/\/www.total-solutions.cz\/index.php?rest_route=\/wp\/v2\/pages"}],"about":[{"href":"https:\/\/www.total-solutions.cz\/index.php?rest_route=\/wp\/v2\/types\/page"}],"author":[{"embeddable":true,"href":"https:\/\/www.total-solutions.cz\/index.php?rest_route=\/wp\/v2\/users\/1"}],"replies":[{"embeddable":true,"href":"https:\/\/www.total-solutions.cz\/index.php?rest_route=%2Fwp%2Fv2%2Fcomments&post=129"}],"version-history":[{"count":17,"href":"https:\/\/www.total-solutions.cz\/index.php?rest_route=\/wp\/v2\/pages\/129\/revisions"}],"predecessor-version":[{"id":283,"href":"https:\/\/www.total-solutions.cz\/index.php?rest_route=\/wp\/v2\/pages\/129\/revisions\/283"}],"up":[{"embeddable":true,"href":"https:\/\/www.total-solutions.cz\/index.php?rest_route=\/wp\/v2\/pages\/2"}],"wp:attachment":[{"href":"https:\/\/www.total-solutions.cz\/index.php?rest_route=%2Fwp%2Fv2%2Fmedia&parent=129"}],"curies":[{"name":"wp","href":"https:\/\/api.w.org\/{rel}","templated":true}]}}